{"id":3638,"date":"2021-05-27T08:22:27","date_gmt":"2021-05-27T08:22:27","guid":{"rendered":"https:\/\/staging.liquid-themes.com\/lawyer\/?page_id=3638"},"modified":"2025-09-16T06:16:55","modified_gmt":"2025-09-16T05:16:55","slug":"about","status":"publish","type":"page","link":"https:\/\/esencia.si\/?page_id=3638","title":{"rendered":"O nas"},"content":{"rendered":"\t\t<div data-elementor-type=\"wp-page\" data-elementor-id=\"3638\" class=\"elementor elementor-3638\">\n\t\t\t\t\t\t<section class=\"elementor-section elementor-top-section elementor-element elementor-element-a8cf586 elementor-section-boxed elementor-section-height-default elementor-section-height-default\" data-id=\"a8cf586\" data-element_type=\"section\" data-settings=\"{&quot;background_background&quot;:&quot;classic&quot;}\">\n\t\t\t\t\t\t<div class=\"elementor-container elementor-column-gap-default\">\n\t\t\t\t\t<div class=\"elementor-column elementor-col-100 elementor-top-column elementor-element elementor-element-3285545\" data-id=\"3285545\" data-element_type=\"column\">\n\t\t\t<div class=\"elementor-widget-wrap\">\n\t\t\t\t\t\t\t<\/div>\n\t\t<\/div>\n\t\t\t\t\t<\/div>\n\t\t<\/section>\n\t\t\t\t<section class=\"elementor-section elementor-top-section elementor-element elementor-element-ff203d4 elementor-section-boxed elementor-section-height-default elementor-section-height-default\" data-id=\"ff203d4\" data-element_type=\"section\" id=\"history\">\n\t\t\t\t\t\t<div class=\"elementor-container elementor-column-gap-default\">\n\t\t\t\t\t<div class=\"elementor-column elementor-col-50 elementor-top-column elementor-element elementor-element-48d5362\" data-id=\"48d5362\" data-element_type=\"column\">\n\t\t\t<div class=\"elementor-widget-wrap elementor-element-populated\">\n\t\t\t\t\t\t<div class=\"elementor-element elementor-element-709604f elementor-widget__width-auto elementor-widget elementor-widget-ld_fancy_image\" data-id=\"709604f\" data-element_type=\"widget\" data-widget_type=\"ld_fancy_image.default\">\n\t\t\t\t<div class=\"elementor-widget-container\">\n\t\t\t\t\t\n\t\t<div class=\"lqd-imggrp-single d-block pos-rel \" data-shadow-style=\"4\">\n\t\t\t<div class=\"lqd-imggrp-img-container d-inline-flex pos-rel align-items-center justify-content-center \">\n\t\t\t\t\t\t\t\t<figure class=\"w-100 pos-rel\">\n\t\t\t\t\t<img fetchpriority=\"high\" decoding=\"async\" width=\"1600\" height=\"1064\" src=\"https:\/\/esencia.si\/wp-content\/uploads\/2025\/09\/WhatsApp-Image-2025-08-28-at-12.42.14.jpeg\" class=\"attachment-full size-full wp-image-4746\" alt=\"\" srcset=\"https:\/\/esencia.si\/wp-content\/uploads\/2025\/09\/WhatsApp-Image-2025-08-28-at-12.42.14.jpeg 1600w, https:\/\/esencia.si\/wp-content\/uploads\/2025\/09\/WhatsApp-Image-2025-08-28-at-12.42.14-300x200.jpeg 300w, https:\/\/esencia.si\/wp-content\/uploads\/2025\/09\/WhatsApp-Image-2025-08-28-at-12.42.14-1024x681.jpeg 1024w, https:\/\/esencia.si\/wp-content\/uploads\/2025\/09\/WhatsApp-Image-2025-08-28-at-12.42.14-1536x1021.jpeg 1536w, https:\/\/esencia.si\/wp-content\/uploads\/2025\/09\/WhatsApp-Image-2025-08-28-at-12.42.14-720x480.jpeg 720w\" sizes=\"(max-width: 1600px) 100vw, 1600px\" itemprop=\"image\" \/>\t\t\t\t\t\t\t\t\t\t\t\t\t\t\t\t\t\t\t\t\t\t\t\t\t\t\t\t\t<\/figure>\n\t\t\t<\/div>\n\t\t<\/div>\n\n\t\t\t\t\t<\/div>\n\t\t\t\t<\/div>\n\t\t\t\t<div class=\"elementor-element elementor-element-6b96a2e elementor-widget__width-auto elementor-absolute elementor-widget elementor-widget-ld_fancy_image\" data-id=\"6b96a2e\" data-element_type=\"widget\" data-settings=\"{&quot;_position&quot;:&quot;absolute&quot;}\" data-widget_type=\"ld_fancy_image.default\">\n\t\t\t\t<div class=\"elementor-widget-container\">\n\t\t\t\t\t\n\t\t<div class=\"lqd-imggrp-single d-block pos-rel \" data-shadow-style=\"4\">\n\t\t\t<div class=\"lqd-imggrp-img-container d-inline-flex pos-rel align-items-center justify-content-center \">\n\t\t\t\t\t\t\t\t<figure class=\"w-100 pos-rel\">\n\t\t\t\t\t<img decoding=\"async\" width=\"1600\" height=\"1064\" src=\"data:image\/svg+xml;charset=utf-8,%3Csvg xmlns%3D&#039;http%3A%2F%2Fwww.w3.org%2F2000%2Fsvg&#039; viewBox%3D&#039;0 0 1600 1064&#039;%2F%3E\" class=\"attachment-full size-full wp-image-4747 ld-lazyload\" alt=\"\" itemprop=\"image\" data-src=\"https:\/\/esencia.si\/wp-content\/uploads\/2025\/09\/WhatsApp-Image-2025-08-28-at-12.42.15.jpeg\" data-srcset=\"https:\/\/esencia.si\/wp-content\/uploads\/2025\/09\/WhatsApp-Image-2025-08-28-at-12.42.15.jpeg 1600w, https:\/\/esencia.si\/wp-content\/uploads\/2025\/09\/WhatsApp-Image-2025-08-28-at-12.42.15-300x200.jpeg 300w, https:\/\/esencia.si\/wp-content\/uploads\/2025\/09\/WhatsApp-Image-2025-08-28-at-12.42.15-1024x681.jpeg 1024w, https:\/\/esencia.si\/wp-content\/uploads\/2025\/09\/WhatsApp-Image-2025-08-28-at-12.42.15-1536x1021.jpeg 1536w, https:\/\/esencia.si\/wp-content\/uploads\/2025\/09\/WhatsApp-Image-2025-08-28-at-12.42.15-720x480.jpeg 720w\" data-sizes=\"(max-width: 1600px) 100vw, 1600px\" data-aspect=\"1.5037593984962\" \/>\t\t\t\t\t\t\t\t\t\t\t\t\t\t\t\t\t\t\t\t\t\t\t\t\t\t\t\t\t<\/figure>\n\t\t\t<\/div>\n\t\t<\/div>\n\n\t\t\t\t\t<\/div>\n\t\t\t\t<\/div>\n\t\t\t\t\t<\/div>\n\t\t<\/div>\n\t\t\t\t<div class=\"elementor-column elementor-col-50 elementor-top-column elementor-element elementor-element-ef0aaa1\" data-id=\"ef0aaa1\" data-element_type=\"column\">\n\t\t\t<div class=\"elementor-widget-wrap elementor-element-populated\">\n\t\t\t\t\t\t<section class=\"elementor-section elementor-inner-section elementor-element elementor-element-00f8ce8 elementor-section-boxed elementor-section-height-default elementor-section-height-default\" data-id=\"00f8ce8\" data-element_type=\"section\">\n\t\t\t\t\t\t<div class=\"elementor-container elementor-column-gap-default\">\n\t\t\t\t\t<div class=\"elementor-column elementor-col-100 elementor-inner-column elementor-element elementor-element-da88f3f\" data-id=\"da88f3f\" data-element_type=\"column\">\n\t\t\t<div class=\"elementor-widget-wrap elementor-element-populated\">\n\t\t\t\t\t\t<div class=\"elementor-element elementor-element-ba90fb8 elementor-widget__width-auto elementor-widget elementor-widget-hub_fancy_heading\" data-id=\"ba90fb8\" data-element_type=\"widget\" data-widget_type=\"hub_fancy_heading.default\">\n\t\t\t\t<div class=\"elementor-widget-container\">\n\t\t\t\t\t\n\t\t<div id=\"ld-fancy-heading-6a046b48071bc\" class=\"ld-fancy-heading pos-rel\">\n\t\t\t<p class=\"ld-fh-element d-inline-block pos-rel  lqd-highlight-classic lqd-highlight-grow-left p\"  > KDO SMO?<\/p>\t\t<\/div>\n\n\t\t\t\t\t\t<\/div>\n\t\t\t\t<\/div>\n\t\t\t\t\t<\/div>\n\t\t<\/div>\n\t\t\t\t\t<\/div>\n\t\t<\/section>\n\t\t\t\t<div class=\"elementor-element elementor-element-a4536a6 elementor-widget elementor-widget-hub_fancy_heading\" data-id=\"a4536a6\" data-element_type=\"widget\" data-widget_type=\"hub_fancy_heading.default\">\n\t\t\t\t<div class=\"elementor-widget-container\">\n\t\t\t\t\t\n\t\t<div id=\"ld-fancy-heading-6a046b4807619\" class=\"ld-fancy-heading pos-rel\">\n\t\t\t<h2 class=\"ld-fh-element d-inline-block pos-rel  elementor-heading-title lqd-highlight-classic lqd-highlight-grow-left h2\"  > Znamka z du\u0161o. Vizija z okusom.<\/h2>\t\t<\/div>\n\n\t\t\t\t\t\t<\/div>\n\t\t\t\t<\/div>\n\t\t\t\t<div class=\"elementor-element elementor-element-023475b elementor-widget elementor-widget-hub_fancy_heading\" data-id=\"023475b\" data-element_type=\"widget\" data-widget_type=\"hub_fancy_heading.default\">\n\t\t\t\t<div class=\"elementor-widget-container\">\n\t\t\t\t\t\n\t\t<div id=\"ld-fancy-heading-6a046b4807854\" class=\"ld-fancy-heading pos-rel\">\n\t\t\t<p class=\"ld-fh-element d-inline-block pos-rel  lqd-highlight-classic lqd-highlight-grow-left p\"  > Esencia se je rodila iz prepri\u010danja, da je vsak dogodek prilo\u017enost za ustvarjanje nepozabnega trenutka. Verjamemo v mo\u010d detajlov - v estetiko, okus, atmosfero.<\/p>\t\t<\/div>\n\n\t\t\t\t\t\t<\/div>\n\t\t\t\t<\/div>\n\t\t\t\t<div class=\"elementor-element elementor-element-6e4a963 elementor-widget elementor-widget-hub_fancy_heading\" data-id=\"6e4a963\" data-element_type=\"widget\" data-widget_type=\"hub_fancy_heading.default\">\n\t\t\t\t<div class=\"elementor-widget-container\">\n\t\t\t\t\t\n\t\t<div id=\"ld-fancy-heading-6a046b4807a96\" class=\"ld-fancy-heading pos-rel\">\n\t\t\t<p class=\"ld-fh-element d-inline-block pos-rel  lqd-highlight-classic lqd-highlight-grow-left p\"  > Vse, kar po\u010dnemo, po\u010dnemo z ob\u010dutkom. Esencia ni le ime - je pristop.<\/p>\t\t<\/div>\n\n\t\t\t\t\t\t<\/div>\n\t\t\t\t<\/div>\n\t\t\t\t\t<\/div>\n\t\t<\/div>\n\t\t\t\t\t<\/div>\n\t\t<\/section>\n\t\t\t\t<section class=\"elementor-section elementor-top-section elementor-element elementor-element-f0b82bd elementor-section-boxed elementor-section-height-default elementor-section-height-default\" data-id=\"f0b82bd\" data-element_type=\"section\" id=\"consultancy\" data-settings=\"{&quot;background_background&quot;:&quot;slideshow&quot;,&quot;background_slideshow_gallery&quot;:[{&quot;id&quot;:4747,&quot;url&quot;:&quot;https:\\\/\\\/esencia.si\\\/wp-content\\\/uploads\\\/2025\\\/09\\\/WhatsApp-Image-2025-08-28-at-12.42.15.jpeg&quot;}],&quot;background_slideshow_loop&quot;:&quot;yes&quot;,&quot;background_slideshow_slide_duration&quot;:5000,&quot;background_slideshow_slide_transition&quot;:&quot;fade&quot;,&quot;background_slideshow_transition_duration&quot;:500}\">\n\t\t\t\t\t\t<div class=\"elementor-container elementor-column-gap-default\">\n\t\t\t\t\t<div class=\"elementor-column elementor-col-100 elementor-top-column elementor-element elementor-element-d911b16\" data-id=\"d911b16\" data-element_type=\"column\" data-settings=\"{&quot;background_background&quot;:&quot;classic&quot;}\">\n\t\t\t<div class=\"elementor-widget-wrap elementor-element-populated\">\n\t\t\t\t\t\t<section class=\"elementor-section elementor-inner-section elementor-element elementor-element-6967abc elementor-section-boxed elementor-section-height-default elementor-section-height-default\" data-id=\"6967abc\" data-element_type=\"section\">\n\t\t\t\t\t\t<div class=\"elementor-container elementor-column-gap-default\">\n\t\t\t\t\t<div class=\"elementor-column elementor-col-50 elementor-inner-column elementor-element elementor-element-7ed788b\" data-id=\"7ed788b\" data-element_type=\"column\">\n\t\t\t<div class=\"elementor-widget-wrap elementor-element-populated\">\n\t\t\t\t\t\t<div class=\"elementor-element elementor-element-12bd917 elementor-widget elementor-widget-hub_fancy_heading\" data-id=\"12bd917\" data-element_type=\"widget\" data-widget_type=\"hub_fancy_heading.default\">\n\t\t\t\t<div class=\"elementor-widget-container\">\n\t\t\t\t\t\n\t\t<div id=\"ld-fancy-heading-6a046b4807ca2\" class=\"ld-fancy-heading pos-rel\">\n\t\t\t<h6 class=\"ld-fh-element d-inline-block pos-rel  elementor-heading-title lqd-highlight-classic lqd-highlight-grow-left h6\"  > EKIPA<\/h6>\t\t<\/div>\n\n\t\t\t\t\t\t<\/div>\n\t\t\t\t<\/div>\n\t\t\t\t<div class=\"elementor-element elementor-element-0be1680 elementor-widget elementor-widget-hub_fancy_heading\" data-id=\"0be1680\" data-element_type=\"widget\" data-widget_type=\"hub_fancy_heading.default\">\n\t\t\t\t<div class=\"elementor-widget-container\">\n\t\t\t\t\t\n\t\t<div id=\"ld-fancy-heading-6a046b4807ec6\" class=\"ld-fancy-heading pos-rel\">\n\t\t\t<p class=\"ld-fh-element d-inline-block pos-rel  lqd-highlight-classic lqd-highlight-grow-left p\"  > Smo ekipa strokovnjakov, ki kombinira <b> znanje, strast in vrhunsko izvedbo.<\/b> Na\u0161e storitve so prilagojene naro\u010dnikom, ki \u017eelijo ve\u010d kot le storitev - \u017eelijo izku\u0161njo.<\/p>\t\t<\/div>\n\n\t\t\t\t\t\t<\/div>\n\t\t\t\t<\/div>\n\t\t\t\t<div class=\"elementor-element elementor-element-36d98da elementor-widget elementor-widget-ld_button\" data-id=\"36d98da\" data-element_type=\"widget\" data-widget_type=\"ld_button.default\">\n\t\t\t\t<div class=\"elementor-widget-container\">\n\t\t\t\t\t\n\t\t\t<a\n\t\t\t\thref=\"https:\/\/esencia.si\/?page_id=3658\"class=\"elementor-button btn btn-naked btn-icon-right btn-hover-reveal btn-has-label\"\t\t\t>\n\t\t\t\t\t\t\t\t\t<span data-text=\"Spoznaj ekipo\" class=\"btn-txt\">\n\t\t\t\t\t\tSpoznaj ekipo\t\t\t\t\t<\/span>\n\t\t\t\t\t\t\t\t\t\t\t\t\t\t<span class=\"btn-icon\">\n\t\t\t\t\t\t\t<i aria-hidden=\"true\" class=\"lqd-icn-ess icon-md-arrow-forward\"><\/i>\t\t\t\t\t\t<\/span>\n\t\t\t\t\t\t\t\t\t<\/a>\n\t\t\t\t\t\t\t<\/div>\n\t\t\t\t<\/div>\n\t\t\t\t\t<\/div>\n\t\t<\/div>\n\t\t\t\t<div class=\"elementor-column elementor-col-50 elementor-inner-column elementor-element elementor-element-36cbffd\" data-id=\"36cbffd\" data-element_type=\"column\">\n\t\t\t<div class=\"elementor-widget-wrap elementor-element-populated\">\n\t\t\t\t\t\t<div class=\"elementor-element elementor-element-92cd1a6 elementor-align-center elementor-widget elementor-widget-ld_counter\" data-id=\"92cd1a6\" data-element_type=\"widget\" data-widget_type=\"ld_counter.default\">\n\t\t\t\t<div class=\"elementor-widget-container\">\n\t\t\t\t\t\n\t\t<div id=\"lqd-counter-92cd1a6\" class=\"lqd-counter pos-rel center lqd-counter-default\">\n\n\t\t\t\n\t\t\t<div class=\"lqd-counter-element pos-rel \" data-enable-counter=\"true\" data-counter-options=\"{&quot;targetNumber&quot;:&quot;10&quot;}\">\n\t\t\t\t<span class=\"lqd-counter-nums-wrap d-block pos-rel\">10<\/span>\t\t\t<\/div>\n\n\t\t\t\n\t\t<\/div>\n\n\t\t\t\t\t\t<\/div>\n\t\t\t\t<\/div>\n\t\t\t\t<div class=\"elementor-element elementor-element-d28df69 elementor-widget elementor-widget-spacer\" data-id=\"d28df69\" data-element_type=\"widget\" data-widget_type=\"spacer.default\">\n\t\t\t\t\t\t\t<div class=\"elementor-spacer\">\n\t\t\t<div class=\"elementor-spacer-inner\"><\/div>\n\t\t<\/div>\n\t\t\t\t\t\t<\/div>\n\t\t\t\t<div class=\"elementor-element elementor-element-ce3b747 elementor-widget elementor-widget-hub_fancy_heading\" data-id=\"ce3b747\" data-element_type=\"widget\" data-widget_type=\"hub_fancy_heading.default\">\n\t\t\t\t<div class=\"elementor-widget-container\">\n\t\t\t\t\t\n\t\t<div id=\"ld-fancy-heading-6a046b48097ad\" class=\"ld-fancy-heading pos-rel\">\n\t\t\t<p class=\"ld-fh-element d-inline-block pos-rel  lqd-highlight-classic lqd-highlight-grow-left p\"  > Let izku\u0161enj<\/p>\t\t<\/div>\n\n\t\t\t\t\t\t<\/div>\n\t\t\t\t<\/div>\n\t\t\t\t\t<\/div>\n\t\t<\/div>\n\t\t\t\t\t<\/div>\n\t\t<\/section>\n\t\t\t\t\t<\/div>\n\t\t<\/div>\n\t\t\t\t\t<\/div>\n\t\t<\/section>\n\t\t\t\t<\/div>\n\t\t","protected":false},"excerpt":{"rendered":"<p>KDO SMO? Znamka z du\u0161o. Vizija z okusom. Esencia se je rodila iz prepri\u010danja, da je vsak dogodek prilo\u017enost za ustvarjanje nepozabnega trenutka. Verjamemo v mo\u010d detajlov &#8211; v estetiko, okus, atmosfero. Vse, kar po\u010dnemo, po\u010dnemo z ob\u010dutkom. Esencia ni le ime &#8211; je pristop. EKIPA Smo ekipa strokovnjakov, ki kombinira znanje, strast in vrhunsko [&hellip;]<\/p>\n","protected":false},"author":1,"featured_media":4553,"parent":0,"menu_order":0,"comment_status":"closed","ping_status":"closed","template":"","meta":{"inline_featured_image":false,"footnotes":""},"class_list":["post-3638","page","type-page","status-publish","has-post-thumbnail","hentry"],"_links":{"self":[{"href":"https:\/\/esencia.si\/index.php?rest_route=\/wp\/v2\/pages\/3638","targetHints":{"allow":["GET"]}}],"collection":[{"href":"https:\/\/esencia.si\/index.php?rest_route=\/wp\/v2\/pages"}],"about":[{"href":"https:\/\/esencia.si\/index.php?rest_route=\/wp\/v2\/types\/page"}],"author":[{"embeddable":true,"href":"https:\/\/esencia.si\/index.php?rest_route=\/wp\/v2\/users\/1"}],"replies":[{"embeddable":true,"href":"https:\/\/esencia.si\/index.php?rest_route=%2Fwp%2Fv2%2Fcomments&post=3638"}],"version-history":[{"count":16,"href":"https:\/\/esencia.si\/index.php?rest_route=\/wp\/v2\/pages\/3638\/revisions"}],"predecessor-version":[{"id":4750,"href":"https:\/\/esencia.si\/index.php?rest_route=\/wp\/v2\/pages\/3638\/revisions\/4750"}],"wp:featuredmedia":[{"embeddable":true,"href":"https:\/\/esencia.si\/index.php?rest_route=\/wp\/v2\/media\/4553"}],"wp:attachment":[{"href":"https:\/\/esencia.si\/index.php?rest_route=%2Fwp%2Fv2%2Fmedia&parent=3638"}],"curies":[{"name":"wp","href":"https:\/\/api.w.org\/{rel}","templated":true}]}}