{"id":4612,"date":"2025-08-23T10:45:15","date_gmt":"2025-08-23T10:45:15","guid":{"rendered":"https:\/\/esencia.si\/?page_id=4612"},"modified":"2025-09-16T05:46:23","modified_gmt":"2025-09-16T04:46:23","slug":"ekipa","status":"publish","type":"page","link":"https:\/\/esencia.si\/?page_id=4612","title":{"rendered":"Ekipa"},"content":{"rendered":"\t\t<div data-elementor-type=\"wp-page\" data-elementor-id=\"4612\" class=\"elementor elementor-4612\">\n\t\t\t\t\t\t<section class=\"elementor-section elementor-top-section elementor-element elementor-element-a8cf586 elementor-section-boxed elementor-section-height-default elementor-section-height-default\" data-id=\"a8cf586\" data-element_type=\"section\" data-settings=\"{&quot;background_background&quot;:&quot;classic&quot;}\">\n\t\t\t\t\t\t<div class=\"elementor-container elementor-column-gap-default\">\n\t\t\t\t\t<div class=\"elementor-column elementor-col-100 elementor-top-column elementor-element elementor-element-3285545\" data-id=\"3285545\" data-element_type=\"column\">\n\t\t\t<div class=\"elementor-widget-wrap elementor-element-populated\">\n\t\t\t\t\t\t<div class=\"elementor-element elementor-element-f46646c elementor-widget elementor-widget-hub_fancy_heading\" data-id=\"f46646c\" data-element_type=\"widget\" data-widget_type=\"hub_fancy_heading.default\">\n\t\t\t\t<div class=\"elementor-widget-container\">\n\t\t\t\t\t\n\t\t<div id=\"ld-fancy-heading-6a046a354ecce\" class=\"ld-fancy-heading pos-rel\">\n\t\t\t<h1 class=\"ld-fh-element d-inline-block pos-rel  elementor-heading-title lqd-highlight-classic lqd-highlight-grow-left h1\"  data-inview=\"true\" data-transition-delay=\"true\" data-delay-options=\"{&quot;elements&quot;:&quot;.lqd-highlight-inner&quot;,&quot;delayType&quot;:&quot;transition&quot;}\" > <span class=\"lqd-adv-txt-item elementor-repeater-item-a7213ec\">Esencia ekipa<\/span><span class=\"lqd-adv-txt-item elementor-repeater-item-746b844\"><\/br>Vse, kar po\u010dnemo, po\u010dnemo z ob\u010dutkom. Esencia ni le ime - je pristop.<\/span><\/h1>\t\t<\/div>\n\n\t\t\t\t\t\t<\/div>\n\t\t\t\t<\/div>\n\t\t\t\t\t<\/div>\n\t\t<\/div>\n\t\t\t\t\t<\/div>\n\t\t<\/section>\n\t\t\t\t<section class=\"elementor-section elementor-top-section elementor-element elementor-element-fb7867c elementor-section-boxed elementor-section-height-default elementor-section-height-default\" data-id=\"fb7867c\" data-element_type=\"section\">\n\t\t\t\t\t\t<div class=\"elementor-container elementor-column-gap-default\">\n\t\t\t\t\t<div class=\"elementor-column elementor-col-100 elementor-top-column elementor-element elementor-element-9d65b79\" data-id=\"9d65b79\" data-element_type=\"column\">\n\t\t\t<div class=\"elementor-widget-wrap elementor-element-populated\">\n\t\t\t\t\t\t<section class=\"elementor-section elementor-inner-section elementor-element elementor-element-3776a60 elementor-section-boxed elementor-section-height-default elementor-section-height-default\" data-id=\"3776a60\" data-element_type=\"section\">\n\t\t\t\t\t\t<div class=\"elementor-container elementor-column-gap-default\">\n\t\t\t\t\t<div class=\"elementor-column elementor-col-100 elementor-inner-column elementor-element elementor-element-6dd4858\" data-id=\"6dd4858\" data-element_type=\"column\">\n\t\t\t<div class=\"elementor-widget-wrap elementor-element-populated\">\n\t\t\t\t\t\t<div class=\"elementor-element elementor-element-63f74e7 elementor-widget elementor-widget-hub_fancy_heading\" data-id=\"63f74e7\" data-element_type=\"widget\" data-widget_type=\"hub_fancy_heading.default\">\n\t\t\t\t<div class=\"elementor-widget-container\">\n\t\t\t\t\t\n\t\t<div id=\"ld-fancy-heading-6a046a354f01e\" class=\"ld-fancy-heading pos-rel\">\n\t\t\t<h3 class=\"ld-fh-element d-inline-block pos-rel  elementor-heading-title lqd-highlight-classic lqd-highlight-grow-left h3\"  > Za \u0161ankom, kjer nastajajo zgodbe.<\/h3>\t\t<\/div>\n\n\t\t\t\t\t\t<\/div>\n\t\t\t\t<\/div>\n\t\t\t\t<div class=\"elementor-element elementor-element-c162999 elementor-widget elementor-widget-hub_fancy_heading\" data-id=\"c162999\" data-element_type=\"widget\" data-widget_type=\"hub_fancy_heading.default\">\n\t\t\t\t<div class=\"elementor-widget-container\">\n\t\t\t\t\t\n\t\t<div id=\"ld-fancy-heading-6a046a354f238\" class=\"ld-fancy-heading pos-rel\">\n\t\t\t<p class=\"ld-fh-element d-inline-block pos-rel  lqd-highlight-classic lqd-highlight-grow-left p\"  > Vsak \u010dlan na\u0161e ekipe je ve\u010d kot barman -  je ustvarjalec do\u017eivetij. S svojo karizmo, znanjem in strastjo vsakokrat znova ustvarjamo ob\u010dutek zaupanja in navdu\u0161enja pri gostih.<\/p>\t\t<\/div>\n\n\t\t\t\t\t\t<\/div>\n\t\t\t\t<\/div>\n\t\t\t\t\t<\/div>\n\t\t<\/div>\n\t\t\t\t\t<\/div>\n\t\t<\/section>\n\t\t\t\t<section class=\"elementor-section elementor-inner-section elementor-element elementor-element-4f55a5d elementor-section-boxed elementor-section-height-default elementor-section-height-default\" data-id=\"4f55a5d\" data-element_type=\"section\">\n\t\t\t\t\t\t<div class=\"elementor-container elementor-column-gap-default\">\n\t\t\t\t\t<div class=\"elementor-column elementor-col-50 elementor-inner-column elementor-element elementor-element-cbb9ea8\" data-id=\"cbb9ea8\" data-element_type=\"column\">\n\t\t\t<div class=\"elementor-widget-wrap elementor-element-populated\">\n\t\t\t\t\t\t<div class=\"elementor-element elementor-element-6d77c7d elementor-widget elementor-widget-hub_fancy_heading\" data-id=\"6d77c7d\" data-element_type=\"widget\" data-widget_type=\"hub_fancy_heading.default\">\n\t\t\t\t<div class=\"elementor-widget-container\">\n\t\t\t\t\t\n\t\t<div id=\"ld-fancy-heading-6a046a354f41c\" class=\"ld-fancy-heading pos-rel\">\n\t\t\t<h3 class=\"ld-fh-element d-inline-block pos-rel  elementor-heading-title lqd-highlight-classic lqd-highlight-grow-left h3\"  > Spoznajte obraze, ki stojijo za Esencio:<\/h3>\t\t<\/div>\n\n\t\t\t\t\t\t<\/div>\n\t\t\t\t<\/div>\n\t\t\t\t\t<\/div>\n\t\t<\/div>\n\t\t\t\t<div class=\"elementor-column elementor-col-50 elementor-inner-column elementor-element elementor-element-c04914c\" data-id=\"c04914c\" data-element_type=\"column\">\n\t\t\t<div class=\"elementor-widget-wrap elementor-element-populated\">\n\t\t\t\t\t\t<div class=\"elementor-element elementor-element-03636b5 elementor-widget elementor-widget-hub_fancy_heading\" data-id=\"03636b5\" data-element_type=\"widget\" data-widget_type=\"hub_fancy_heading.default\">\n\t\t\t\t<div class=\"elementor-widget-container\">\n\t\t\t\t\t\n\t\t<div id=\"ld-fancy-heading-6a046a354f60b\" class=\"ld-fancy-heading pos-rel\">\n\t\t\t<h6 class=\"ld-fh-element d-inline-block pos-rel  elementor-heading-title lqd-highlight-classic lqd-highlight-grow-left h6\"  > \u2014 Spoznaj ekipo<\/h6>\t\t<\/div>\n\n\t\t\t\t\t\t<\/div>\n\t\t\t\t<\/div>\n\t\t\t\t\t<\/div>\n\t\t<\/div>\n\t\t\t\t\t<\/div>\n\t\t<\/section>\n\t\t\t\t\t<\/div>\n\t\t<\/div>\n\t\t\t\t\t<\/div>\n\t\t<\/section>\n\t\t<div class=\"elementor-element elementor-element-3263019 e-flex e-con-boxed e-con e-parent\" data-id=\"3263019\" data-element_type=\"container\">\n\t\t\t\t\t<div class=\"e-con-inner\">\n\t\t\t\t<div class=\"elementor-element elementor-element-39f495e elementor-position-top elementor-widget elementor-widget-image-box\" data-id=\"39f495e\" data-element_type=\"widget\" data-widget_type=\"image-box.default\">\n\t\t\t\t\t<div class=\"elementor-image-box-wrapper\"><figure class=\"elementor-image-box-img\"><img fetchpriority=\"high\" decoding=\"async\" width=\"682\" height=\"682\" src=\"https:\/\/esencia.si\/wp-content\/uploads\/2025\/09\/beno-spl2.png\" class=\"attachment-full size-full wp-image-4741\" alt=\"\" srcset=\"https:\/\/esencia.si\/wp-content\/uploads\/2025\/09\/beno-spl2.png 682w, https:\/\/esencia.si\/wp-content\/uploads\/2025\/09\/beno-spl2-300x300.png 300w, https:\/\/esencia.si\/wp-content\/uploads\/2025\/09\/beno-spl2-150x150.png 150w, https:\/\/esencia.si\/wp-content\/uploads\/2025\/09\/beno-spl2-320x320.png 320w\" sizes=\"(max-width: 682px) 100vw, 682px\" \/><\/figure><div class=\"elementor-image-box-content\"><h3 class=\"elementor-image-box-title\">Benjamin \u0160kafar<\/h3><p class=\"elementor-image-box-description\">Po \u0161tevilnih letih nabiranja izku\u0161enj v tujini se je vrnil domov, kjer je za\u010del intenzivneje tekmovati na doma\u010di sceni. Med dose\u017eki izstopa naslov dr\u017eavnega prvaka v me\u0161anju pija\u010d in vloga slovenskega zastopnika na svetovnem prvenstvu na Madeiri 2024, leto kasneje pa tudi na evropskem prvenstvu 2025.<\/br><\/br> V tekmovanju Badel Masterclass, ki je zdru\u017eilo ve\u010d kot 1000 barmanov iz dr\u017eav biv\u0161e Jugoslavije, je Benjamin dosegel 4. mesto, kar je dokumentirano tudi v oddaji Cocktail Master na VOYO. <\/br><\/br>\nSvojo strast do me\u0161anja pija\u010d deli z ljubitelji znanja in vsemi, ki pogre\u0161ajo staro vzdu\u0161je dru\u017eenja ob baru. <\/br>Njegova vizija je ustvarjati do\u017eivetja, kjer se ponovno prebudi toplina in energija pristnega stika za \u0161ankom.<\/p><\/div><\/div>\t\t\t\t<\/div>\n\t\t\t\t\t<\/div>\n\t\t\t\t<\/div>\n\t\t<div class=\"elementor-element elementor-element-b43f773 e-flex e-con-boxed e-con e-parent\" data-id=\"b43f773\" data-element_type=\"container\">\n\t\t\t\t\t<div class=\"e-con-inner\">\n\t\t\t\t<div class=\"elementor-element elementor-element-4fd2aad elementor-position-top elementor-widget elementor-widget-image-box\" data-id=\"4fd2aad\" data-element_type=\"widget\" data-widget_type=\"image-box.default\">\n\t\t\t\t\t<div class=\"elementor-image-box-wrapper\"><figure class=\"elementor-image-box-img\"><img decoding=\"async\" width=\"682\" height=\"682\" src=\"data:image\/svg+xml;charset=utf-8,%3Csvg xmlns%3D&#039;http%3A%2F%2Fwww.w3.org%2F2000%2Fsvg&#039; viewBox%3D&#039;0 0 682 682&#039;%2F%3E\" class=\"attachment-full size-full wp-image-4728 ld-lazyload\" alt=\"\" data-src=\"https:\/\/esencia.si\/wp-content\/uploads\/2025\/09\/tevz-spl.jpeg\" data-srcset=\"https:\/\/esencia.si\/wp-content\/uploads\/2025\/09\/tevz-spl.jpeg 682w, https:\/\/esencia.si\/wp-content\/uploads\/2025\/09\/tevz-spl-300x300.jpeg 300w, https:\/\/esencia.si\/wp-content\/uploads\/2025\/09\/tevz-spl-150x150.jpeg 150w, https:\/\/esencia.si\/wp-content\/uploads\/2025\/09\/tevz-spl-320x320.jpeg 320w\" data-sizes=\"(max-width: 682px) 100vw, 682px\" data-aspect=\"1\" \/><\/figure><div class=\"elementor-image-box-content\"><h3 class=\"elementor-image-box-title\">Tev\u017e Govekar<\/h3><p class=\"elementor-image-box-description\">Po dragocenih izku\u0161njah v tujini se je vrnil v Slovenijo z jasno vizijo \u2013 pribli\u017eati ljudem bartending, kot ga lahko vidijo in ob\u010dutijo le na svetovnih odrih.\nJe redni tekmovalec flair tekmovanj v tujini, kjer dokazuje, da lahko \u0161ov in vrhunska pija\u010da hodita z roko v roki. S svojim karizmati\u010dnim nastopom zna pritegniti pozornost ob\u010dinstva, medtem ko v kozarcu nastajajo kompleksni, a uravnote\u017eeni koktajli.\n<\/br><\/br>\nTev\u017e je ambasador ideje, da bartending ni le postre\u017eba, temve\u010d kombinacija umetnosti, \u0161ova in nepozabnega do\u017eivetja. Njegova prisotnost za \u0161ankom je vedno garancija, da gostje odnesejo s seboj zgodbo, ne le pija\u010de.<\/p><\/div><\/div>\t\t\t\t<\/div>\n\t\t\t\t\t<\/div>\n\t\t\t\t<\/div>\n\t\t<div class=\"elementor-element elementor-element-4c5dd0b e-flex e-con-boxed e-con e-parent\" data-id=\"4c5dd0b\" data-element_type=\"container\">\n\t\t\t\t\t<div class=\"e-con-inner\">\n\t\t\t\t<div class=\"elementor-element elementor-element-bcee1ac elementor-position-top elementor-widget elementor-widget-image-box\" data-id=\"bcee1ac\" data-element_type=\"widget\" data-widget_type=\"image-box.default\">\n\t\t\t\t\t<div class=\"elementor-image-box-wrapper\"><figure class=\"elementor-image-box-img\"><img decoding=\"async\" width=\"682\" height=\"682\" src=\"data:image\/svg+xml;charset=utf-8,%3Csvg xmlns%3D&#039;http%3A%2F%2Fwww.w3.org%2F2000%2Fsvg&#039; viewBox%3D&#039;0 0 682 682&#039;%2F%3E\" class=\"attachment-full size-full wp-image-4726 ld-lazyload\" alt=\"\" data-src=\"https:\/\/esencia.si\/wp-content\/uploads\/2025\/09\/lovro-spl.png\" data-srcset=\"https:\/\/esencia.si\/wp-content\/uploads\/2025\/09\/lovro-spl.png 682w, https:\/\/esencia.si\/wp-content\/uploads\/2025\/09\/lovro-spl-300x300.png 300w, https:\/\/esencia.si\/wp-content\/uploads\/2025\/09\/lovro-spl-150x150.png 150w, https:\/\/esencia.si\/wp-content\/uploads\/2025\/09\/lovro-spl-320x320.png 320w\" data-sizes=\"(max-width: 682px) 100vw, 682px\" data-aspect=\"1\" \/><\/figure><div class=\"elementor-image-box-content\"><h3 class=\"elementor-image-box-title\">Lovro Vetrih<\/h3><p class=\"elementor-image-box-description\">Lovro Vetrih je znan po svojem natan\u010dnem o\u010desu za detajle in brezhibni izvedbi dogodkov.\n S strastjo do mixologije in kulinarike ustvarja izku\u0161nje, ki navdu\u0161ijo prav vsakega gosta. Njegov pristop zdru\u017euje profesionalnost, ustvarjalnost in toplino, ki vsako prireditev dvigne na vi\u0161ji nivo. Vedno stremi k popolnosti ter preseganju pri\u010dakovanj naro\u010dnikov.\n<\/br><\/br>\n<i>\"Mixology is not a skill, it\u2019s an art\"<\/I><\/p><\/div><\/div>\t\t\t\t<\/div>\n\t\t\t\t\t<\/div>\n\t\t\t\t<\/div>\n\t\t\t\t<\/div>\n\t\t","protected":false},"excerpt":{"rendered":"<p>Esencia ekipaVse, kar po\u010dnemo, po\u010dnemo z ob\u010dutkom. Esencia ni le ime &#8211; je pristop. Za \u0161ankom, kjer nastajajo zgodbe. Vsak \u010dlan na\u0161e ekipe je ve\u010d kot barman &#8211; je ustvarjalec do\u017eivetij. S svojo karizmo, znanjem in strastjo vsakokrat znova ustvarjamo ob\u010dutek zaupanja in navdu\u0161enja pri gostih. Spoznajte obraze, ki stojijo za Esencio: \u2014 Spoznaj ekipo [&hellip;]<\/p>\n","protected":false},"author":1,"featured_media":4553,"parent":0,"menu_order":0,"comment_status":"closed","ping_status":"closed","template":"","meta":{"inline_featured_image":false,"footnotes":""},"class_list":["post-4612","page","type-page","status-publish","has-post-thumbnail","hentry"],"_links":{"self":[{"href":"https:\/\/esencia.si\/index.php?rest_route=\/wp\/v2\/pages\/4612","targetHints":{"allow":["GET"]}}],"collection":[{"href":"https:\/\/esencia.si\/index.php?rest_route=\/wp\/v2\/pages"}],"about":[{"href":"https:\/\/esencia.si\/index.php?rest_route=\/wp\/v2\/types\/page"}],"author":[{"embeddable":true,"href":"https:\/\/esencia.si\/index.php?rest_route=\/wp\/v2\/users\/1"}],"replies":[{"embeddable":true,"href":"https:\/\/esencia.si\/index.php?rest_route=%2Fwp%2Fv2%2Fcomments&post=4612"}],"version-history":[{"count":18,"href":"https:\/\/esencia.si\/index.php?rest_route=\/wp\/v2\/pages\/4612\/revisions"}],"predecessor-version":[{"id":4744,"href":"https:\/\/esencia.si\/index.php?rest_route=\/wp\/v2\/pages\/4612\/revisions\/4744"}],"wp:featuredmedia":[{"embeddable":true,"href":"https:\/\/esencia.si\/index.php?rest_route=\/wp\/v2\/media\/4553"}],"wp:attachment":[{"href":"https:\/\/esencia.si\/index.php?rest_route=%2Fwp%2Fv2%2Fmedia&parent=4612"}],"curies":[{"name":"wp","href":"https:\/\/api.w.org\/{rel}","templated":true}]}}